{"id":337,"date":"2021-09-22T11:58:04","date_gmt":"2021-09-22T11:58:04","guid":{"rendered":"https:\/\/ascede.com\/mujer-reinventate\/"},"modified":"2022-12-13T16:06:48","modified_gmt":"2022-12-13T16:06:48","slug":"mujer-reinventate","status":"publish","type":"page","link":"https:\/\/ascede.com\/es\/mujer-reinventate\/","title":{"rendered":"Mujer Reinventate"},"content":{"rendered":"<p>[et_pb_section fb_built=\u00bb1&#8243; admin_label=\u00bbHeader\u00bb _builder_version=\u00bb4.10.7&#8243; background_image=\u00bbhttps:\/\/ascede.com\/wp-content\/uploads\/2021\/09\/businesswoman-4295619_640.jpg\u00bb parallax=\u00bbon\u00bb custom_padding=\u00bb0||0|0px|false|false\u00bb global_colors_info=\u00bb{}\u00bb][et_pb_row column_structure=\u00bb1_2,1_2&#8243; use_custom_gutter=\u00bbon\u00bb gutter_width=\u00bb1&#8243; make_equal=\u00bbon\u00bb padding_top_bottom_link_1=\u00bbtrue\u00bb padding_left_right_link_1=\u00bbtrue\u00bb module_class=\u00bb et_pb_row_fullwidth\u00bb _builder_version=\u00bb3.25&#8243; width=\u00bb100%\u00bb width_tablet=\u00bb100%\u00bb width_phone=\u00bb\u00bb width_last_edited=\u00bbon|desktop\u00bb max_width=\u00bb100%\u00bb max_width_tablet=\u00bb100%\u00bb max_width_phone=\u00bb\u00bb max_width_last_edited=\u00bbon|desktop\u00bb module_alignment=\u00bbright\u00bb custom_margin_last_edited=\u00bboff|desktop\u00bb custom_padding=\u00bb0||0||false|false\u00bb make_fullwidth=\u00bbon\u00bb global_colors_info=\u00bb{}\u00bb][et_pb_column type=\u00bb1_2&#8243; _builder_version=\u00bb3.25&#8243; background_color=\u00bb#ffffff\u00bb custom_padding=\u00bb12vw|8%|12vw|8%\u00bb custom_padding_tablet=\u00bb150px||150px||true\u00bb custom_padding_last_edited=\u00bboff|desktop\u00bb global_colors_info=\u00bb{}\u00bb custom_padding__hover=\u00bb|||\u00bb][et_pb_text admin_label=\u00bbDona Reinventa\u00b4t\u00bb _builder_version=\u00bb4.10.7&#8243; text_font=\u00bb||||||||\u00bb text_font_size=\u00bb17px\u00bb text_line_height=\u00bb1.9em\u00bb header_font=\u00bb|300|||||||\u00bb header_font_size=\u00bb55px\u00bb header_line_height=\u00bb1.4em\u00bb header_2_font=\u00bbRoboto|300|||||||\u00bb header_2_font_size=\u00bb50px\u00bb header_2_line_height=\u00bb1.2em\u00bb header_4_font=\u00bb|600|||||||\u00bb header_4_text_color=\u00bb#666666&#8243; header_4_line_height=\u00bb2em\u00bb width=\u00bb100%\u00bb custom_margin=\u00bb||30px|\u00bb custom_padding=\u00bb|0px||||\u00bb header_font_size_tablet=\u00bb40px\u00bb header_font_size_phone=\u00bb32px\u00bb header_font_size_last_edited=\u00bbon|phone\u00bb locked=\u00bboff\u00bb global_colors_info=\u00bb{}\u00bb]<\/p>\n<h1>Mujer Reinventate<\/h1>\n<p>&nbsp;<\/p>\n<ul>\n<li>Plan de urgencia y emergencia de pa\u00eds.<\/li>\n<li>Destinado a mujeres emprendedoras, aut\u00f3nomas y empresarias afectadas por el Covid19.<\/li>\n<li>Con el apoyo de la Generalidad de Catalu\u00f1a y de diversas empresas e instituciones.<\/li>\n<li>Es un programa flexible y personalizado sin precedentes en Catalu\u00f1a y Espa\u00f1a.<\/li>\n<li>El seguimiento es tanto formal como informal, donde se da \u00e9nfasis en la aplicaci\u00f3n del an\u00e1lisis del negocio y la creatividad como estrategia para la adaptaci\u00f3n de los procesos empresariales o<span class=\"Apple-converted-space\">  <\/span>de emprendedur\u00eda en el momento econ\u00f3mico actual.<\/li>\n<\/ul>\n<p>[\/et_pb_text][et_pb_button button_url=\u00bb#permita\u00bb button_text=\u00bb\u00bfEs por m\u00ed?\u00bb _builder_version=\u00bb4.10.7&#8243; custom_button=\u00bbon\u00bb button_text_size=\u00bb14px\u00bb button_text_color=\u00bb#ffffff\u00bb button_bg_color=\u00bb#06c8ff\u00bb button_border_width=\u00bb10px\u00bb button_border_color=\u00bbrgba(0,0,0,0)\u00bb button_border_radius=\u00bb100px\u00bb button_letter_spacing=\u00bb3px\u00bb button_font=\u00bbRoboto|700||on|||||\u00bb button_text_color_hover=\u00bb#ffffff\u00bb button_letter_spacing_hover=\u00bb3px\u00bb locked=\u00bboff\u00bb global_colors_info=\u00bb{}\u00bb button_text_size__hover_enabled=\u00bboff\u00bb button_one_text_size__hover_enabled=\u00bboff\u00bb button_two_text_size__hover_enabled=\u00bboff\u00bb button_text_color__hover_enabled=\u00bbon\u00bb button_text_color__hover=\u00bb#ffffff\u00bb button_one_text_color__hover_enabled=\u00bboff\u00bb button_two_text_color__hover_enabled=\u00bboff\u00bb button_border_width__hover_enabled=\u00bboff\u00bb button_one_border_width__hover_enabled=\u00bboff\u00bb button_two_border_width__hover_enabled=\u00bboff\u00bb button_border_color__hover_enabled=\u00bboff\u00bb button_one_border_color__hover_enabled=\u00bboff\u00bb button_two_border_color__hover_enabled=\u00bboff\u00bb button_border_radius__hover_enabled=\u00bboff\u00bb button_one_border_radius__hover_enabled=\u00bboff\u00bb button_two_border_radius__hover_enabled=\u00bboff\u00bb button_letter_spacing__hover_enabled=\u00bbon\u00bb button_letter_spacing__hover=\u00bb3px\u00bb button_one_letter_spacing__hover_enabled=\u00bboff\u00bb button_two_letter_spacing__hover_enabled=\u00bboff\u00bb button_bg_color__hover_enabled=\u00bboff\u00bb button_one_bg_color__hover_enabled=\u00bboff\u00bb button_two_bg_color__hover_enabled=\u00bboff\u00bb][\/et_pb_button][\/et_pb_column][et_pb_column type=\u00bb1_2&#8243; _builder_version=\u00bb3.25&#8243; background_image=\u00bbhttps:\/\/ascede.com\/wp-content\/uploads\/2021\/09\/dots-3.png\u00bb parallax=\u00bbon\u00bb parallax_method=\u00bboff\u00bb custom_padding=\u00bb|||\u00bb global_colors_info=\u00bb{}\u00bb custom_padding__hover=\u00bb|||\u00bb][\/et_pb_column][\/et_pb_row][\/et_pb_section][et_pb_section fb_built=\u00bb1&#8243; admin_label=\u00bbAbout\u00bb _builder_version=\u00bb3.22&#8243; custom_margin=\u00bb||79px|||\u00bb global_colors_info=\u00bb{}\u00bb][et_pb_row column_structure=\u00bb1_2,1_2&#8243; padding_top_bottom_link_1=\u00bbtrue\u00bb padding_left_right_link_1=\u00bbtrue\u00bb module_id=\u00bbpermi\u00bb _builder_version=\u00bb4.10.7&#8243; global_colors_info=\u00bb{}\u00bb][et_pb_column type=\u00bb1_2&#8243; _builder_version=\u00bb3.25&#8243; background_image=\u00bbhttps:\/\/ascede.com\/wp-content\/uploads\/2021\/09\/column-background-02.png\u00bb custom_padding=\u00bb50px|50px|50px|50px\u00bb custom_padding_tablet=\u00bb\u00bb custom_padding_phone=\u00bb20px|20px|20px|20px|true|true\u00bb custom_padding_last_edited=\u00bbon|phone\u00bb global_colors_info=\u00bb{}\u00bb custom_padding__hover=\u00bb|||\u00bb][et_pb_image src=\u00bbhttps:\/\/ascede.com\/wp-content\/uploads\/2021\/09\/business-3560931_640.jpg\u00bb title_text=\u00bbbusiness-3560931_640&#8243; align_tablet=\u00bbcenter\u00bb align_phone=\u00bb\u00bb align_last_edited=\u00bbon|desktop\u00bb _builder_version=\u00bb4.10.7&#8243; animation_style=\u00bbzoom\u00bb animation_intensity_zoom=\u00bb10%\u00bb box_shadow_style=\u00bbpreset1&#8243; box_shadow_vertical=\u00bb32px\u00bb box_shadow_blur=\u00bb100px\u00bb box_shadow_color=\u00bbrgba(0,0,0,0.15)\u00bb global_colors_info=\u00bb{}\u00bb][\/et_pb_image][\/et_pb_column][et_pb_column type=\u00bb1_2&#8243; _builder_version=\u00bb3.25&#8243; custom_padding=\u00bb200px|||\u00bb custom_padding_tablet=\u00bb0px|||\u00bb custom_padding_phone=\u00bb\u00bb custom_padding_last_edited=\u00bbon|desktop\u00bb global_colors_info=\u00bb{}\u00bb custom_padding__hover=\u00bb|||\u00bb][et_pb_text _builder_version=\u00bb4.10.7&#8243; text_font=\u00bb||||||||\u00bb text_font_size=\u00bb16px\u00bb text_line_height=\u00bb1.9em\u00bb header_font=\u00bb||||||||\u00bb header_2_font=\u00bbRoboto|300|||||||\u00bb header_2_font_size=\u00bb45px\u00bb header_2_line_height=\u00bb1.4em\u00bb header_4_font=\u00bb||||||||\u00bb header_2_font_size_tablet=\u00bb40px\u00bb header_2_font_size_phone=\u00bb32px\u00bb header_2_font_size_last_edited=\u00bbon|phone\u00bb global_colors_info=\u00bb{}\u00bb]<\/p>\n<h2>El programa MUJER REINV\u00c9NTATE es por ti si:<\/h2>\n<ul class=\"ul1\">\n<li class=\"li1\"><span class=\"s1\"><\/span>\n<div>Eres aut\u00f3nomo, tienes una peque\u00f1a o mediana empresa y te has visto afectada empresarialmente por Covid19.<\/div>\n<div><\/div>\n<\/li>\n<li class=\"li1\">\n<div> Necesitas redireccionar el negocio.<\/div>\n<\/li>\n<li class=\"li1\">\n<div> Quieres realizar un diagn\u00f3stico de mejora: identificar tus puntos fuertes y dise\u00f1ar un plan de mejora totalmente personalizado, acompa\u00f1ada de profesionales que puedan aportar su visi\u00f3n a tu propuesta.<\/div>\n<\/li>\n<li class=\"li1\">\n<div><span style=\"font-size: 16px;\">Compartir experiencias, dudas e inquetutos y crear una red de relaciones con otras mujeres e identificar los retos que comparte.<\/span><\/div>\n<\/li>\n<\/ul>\n<p>[\/et_pb_text][\/et_pb_column][\/et_pb_row][et_pb_row column_structure=\u00bb1_2,1_2&#8243; padding_top_bottom_link_1=\u00bbtrue\u00bb padding_left_right_link_1=\u00bbtrue\u00bb module_id=\u00bbpermi\u00bb _builder_version=\u00bb4.10.7&#8243; global_colors_info=\u00bb{}\u00bb][et_pb_column type=\u00bb1_2&#8243; _builder_version=\u00bb4.10.7&#8243; background_enable_image=\u00bboff\u00bb custom_padding=\u00bb50px|50px|50px|50px\u00bb custom_padding_tablet=\u00bb\u00bb custom_padding_phone=\u00bb20px|20px|20px|20px|true|true\u00bb custom_padding_last_edited=\u00bbon|phone\u00bb global_colors_info=\u00bb{}\u00bb custom_padding__hover=\u00bb|||\u00bb][et_pb_text _builder_version=\u00bb4.10.7&#8243; text_font=\u00bb||||||||\u00bb text_font_size=\u00bb16px\u00bb text_line_height=\u00bb1.9em\u00bb header_font=\u00bb||||||||\u00bb header_2_font=\u00bbRoboto|300|||||||\u00bb header_2_font_size=\u00bb45px\u00bb header_2_line_height=\u00bb1.4em\u00bb header_4_font=\u00bb||||||||\u00bb header_2_font_size_tablet=\u00bb40px\u00bb header_2_font_size_phone=\u00bb32px\u00bb header_2_font_size_last_edited=\u00bbon|phone\u00bb global_colors_info=\u00bb{}\u00bb]<\/p>\n<h2>Mujer Reinventado es un programa<span class=\"Apple-converted-space\">  <\/span>on-line:<\/h2>\n<p>&nbsp;<\/p>\n<ul>\n<li class=\"p1\">\n<div>1\/3 parte del tiempo del programa son MasterClass <\/div>\n<div><\/div>\n<\/li>\n<li class=\"p1\">\n<div>1\/3 parte son encontradas en el Espacio de apoyo y Empoderamiento &#8211; practicum Mentorizado enfocado al negocio de la participante.<\/div>\n<\/li>\n<li class=\"p1\">\n<div>1\/3 parte son Mentor\u00edas individuales de trabajo con personas mentoras de cada \u00e1rea con experiencia adecuada a la tarea y objetivo del negocio de la participante.<\/div>\n<\/li>\n<li class=\"p1\">\n<div>De lunes a viernes de 14 a 16h. <\/div>\n<\/li>\n<li class=\"p1\">\n<div>Intensivo de un mes de duraci\u00f3n.<\/div>\n<\/li>\n<li class=\"p1\">El grupo m\u00e1ximo de alumnos por programa es de 10 personas.<\/li>\n<\/ul>\n<p>[\/et_pb_text][et_pb_button button_url=\u00bbhttps:\/\/forms.gle\/UfpEQY8uzKnGwSFv7&#8243; button_text=\u00bbSolicitud y condiciones\u00bb _builder_version=\u00bb4.10.7&#8243; custom_button=\u00bbon\u00bb button_text_size=\u00bb14px\u00bb button_text_color=\u00bb#ffffff\u00bb button_bg_color=\u00bb#06c8ff\u00bb button_border_width=\u00bb10px\u00bb button_border_color=\u00bbrgba(0,0,0,0)\u00bb button_border_radius=\u00bb100px\u00bb button_letter_spacing=\u00bb3px\u00bb button_font=\u00bbRoboto|700||on|||||\u00bb button_text_color_hover=\u00bb#ffffff\u00bb button_letter_spacing_hover=\u00bb3px\u00bb global_colors_info=\u00bb{}\u00bb button_text_size__hover_enabled=\u00bboff\u00bb button_one_text_size__hover_enabled=\u00bboff\u00bb button_two_text_size__hover_enabled=\u00bboff\u00bb button_text_color__hover_enabled=\u00bbon\u00bb button_text_color__hover=\u00bb#ffffff\u00bb button_one_text_color__hover_enabled=\u00bboff\u00bb button_two_text_color__hover_enabled=\u00bboff\u00bb button_border_width__hover_enabled=\u00bboff\u00bb button_one_border_width__hover_enabled=\u00bboff\u00bb button_two_border_width__hover_enabled=\u00bboff\u00bb button_border_color__hover_enabled=\u00bboff\u00bb button_one_border_color__hover_enabled=\u00bboff\u00bb button_two_border_color__hover_enabled=\u00bboff\u00bb button_border_radius__hover_enabled=\u00bboff\u00bb button_one_border_radius__hover_enabled=\u00bboff\u00bb button_two_border_radius__hover_enabled=\u00bboff\u00bb button_letter_spacing__hover_enabled=\u00bbon\u00bb button_letter_spacing__hover=\u00bb3px\u00bb button_one_letter_spacing__hover_enabled=\u00bboff\u00bb button_two_letter_spacing__hover_enabled=\u00bboff\u00bb button_bg_color__hover_enabled=\u00bboff\u00bb button_one_bg_color__hover_enabled=\u00bboff\u00bb button_two_bg_color__hover_enabled=\u00bboff\u00bb][\/et_pb_button][\/et_pb_column][et_pb_column type=\u00bb1_2&#8243; _builder_version=\u00bb4.10.7&#8243; background_image=\u00bbhttps:\/\/ascede.com\/wp-content\/uploads\/2021\/09\/column-background-03-1.png\u00bb custom_padding=\u00bb200px|||\u00bb custom_padding_tablet=\u00bb0px|||\u00bb custom_padding_phone=\u00bb\u00bb custom_padding_last_edited=\u00bbon|desktop\u00bb global_colors_info=\u00bb{}\u00bb custom_padding__hover=\u00bb|||\u00bb][et_pb_image src=\u00bbhttps:\/\/ascede.com\/wp-content\/uploads\/2021\/09\/student-849819_640.jpg\u00bb title_text=\u00bbstudent-849819_640&#8243; align_tablet=\u00bbcenter\u00bb align_phone=\u00bb\u00bb align_last_edited=\u00bbon|desktop\u00bb _builder_version=\u00bb4.10.7&#8243; animation_style=\u00bbzoom\u00bb animation_intensity_zoom=\u00bb10%\u00bb box_shadow_style=\u00bbpreset1&#8243; box_shadow_vertical=\u00bb32px\u00bb box_shadow_blur=\u00bb100px\u00bb box_shadow_color=\u00bbrgba(0,0,0,0.15)\u00bb global_colors_info=\u00bb{}\u00bb][\/et_pb_image][\/et_pb_column][\/et_pb_row][et_pb_row column_structure=\u00bb1_2,1_2&#8243; padding_top_bottom_link_1=\u00bbtrue\u00bb padding_left_right_link_1=\u00bbtrue\u00bb module_id=\u00bbpermi\u00bb _builder_version=\u00bb4.10.7&#8243; global_colors_info=\u00bb{}\u00bb][et_pb_column type=\u00bb1_2&#8243; _builder_version=\u00bb3.25&#8243; background_image=\u00bbhttps:\/\/ascede.com\/wp-content\/uploads\/2021\/09\/column-background-02.png\u00bb custom_padding=\u00bb50px|50px|50px|50px\u00bb custom_padding_tablet=\u00bb\u00bb custom_padding_phone=\u00bb20px|20px|20px|20px|true|true\u00bb custom_padding_last_edited=\u00bbon|phone\u00bb global_colors_info=\u00bb{}\u00bb custom_padding__hover=\u00bb|||\u00bb][et_pb_image src=\u00bbhttps:\/\/ascede.com\/wp-content\/uploads\/2021\/09\/business-3560931_640.jpg\u00bb title_text=\u00bbbusiness-3560931_640&#8243; align_tablet=\u00bbcenter\u00bb align_phone=\u00bb\u00bb align_last_edited=\u00bbon|desktop\u00bb _builder_version=\u00bb4.10.7&#8243; animation_style=\u00bbzoom\u00bb animation_intensity_zoom=\u00bb10%\u00bb box_shadow_style=\u00bbpreset1&#8243; box_shadow_vertical=\u00bb32px\u00bb box_shadow_blur=\u00bb100px\u00bb box_shadow_color=\u00bbrgba(0,0,0,0.15)\u00bb global_colors_info=\u00bb{}\u00bb][\/et_pb_image][\/et_pb_column][et_pb_column type=\u00bb1_2&#8243; _builder_version=\u00bb3.25&#8243; custom_padding=\u00bb200px|||\u00bb custom_padding_tablet=\u00bb0px|||\u00bb custom_padding_phone=\u00bb\u00bb custom_padding_last_edited=\u00bbon|desktop\u00bb global_colors_info=\u00bb{}\u00bb custom_padding__hover=\u00bb|||\u00bb][et_pb_text _builder_version=\u00bb4.10.7&#8243; text_font=\u00bb||||||||\u00bb text_font_size=\u00bb16px\u00bb text_line_height=\u00bb1.9em\u00bb header_font=\u00bb||||||||\u00bb header_2_font=\u00bbRoboto|300|||||||\u00bb header_2_font_size=\u00bb45px\u00bb header_2_line_height=\u00bb1.4em\u00bb header_4_font=\u00bb||||||||\u00bb header_2_font_size_tablet=\u00bb40px\u00bb header_2_font_size_phone=\u00bb32px\u00bb header_2_font_size_last_edited=\u00bbon|phone\u00bb global_colors_info=\u00bb{}\u00bb]<\/p>\n<h2>El programa MUJER REINV\u00c9NTATE es por ti si:<\/h2>\n<ul class=\"ul1\">\n<li class=\"li1\">\n<div>Tienes una peque\u00f1a o mediana empresa y te has visto afectada empresarialmente por Covid19.<\/div>\n<div> <\/div>\n<\/li>\n<li class=\"li1\">\n<div> Necesitas redireccionar el negocio.<\/div>\n<\/li>\n<li class=\"li1\">\n<div> Quieres realizar un diagn\u00f3stico de mejora: identificar\u2026. plan de mejora totalmente personalizado, acompa\u00f1ada de los profesionales\u2026<\/div>\n<\/li>\n<li class=\"li1\">\n<div><span style=\"font-size: 16px;\">Compartir experiencias, dudas e inquetutos y crear una red de relaciones con otras mujeres e identificar los retos que comparte.<\/span><\/div>\n<\/li>\n<\/ul>\n<p>[\/et_pb_text][\/et_pb_column][\/et_pb_row][et_pb_row _builder_version=\u00bb4.10.7&#8243; _module_preset=\u00bbdefault\u00bb global_colors_info=\u00bb{}\u00bb][et_pb_column type=\u00bb4_4&#8243; _builder_version=\u00bb4.10.7&#8243; _module_preset=\u00bbdefault\u00bb global_colors_info=\u00bb{}\u00bb][et_pb_text _builder_version=\u00bb4.10.7&#8243; _module_preset=\u00bbdefault\u00bb global_colors_info=\u00bb{}\u00bb]<\/p>\n<h2>Precio y Financiaci\u00f3n:<\/h2>\n<ul class=\"ul1\">\n<li class=\"li1\">\n<div>\n<div>Valorado en 3.900\u20ac por Generalitat de Catalunya<\/div>\n<div>Coste simb\u00f3lico por alumna 500\u20ac<\/div>\n<\/div>\n<\/li>\n<\/ul>\n<p>[\/et_pb_text][et_pb_button button_url=\u00bbhttps:\/\/gestionv1-c29922.evolcampus.com\/acceso.php\u00bb url_new_window=\u00bbon\u00bb button_text=\u00bbLink en el Campus\u00bb admin_label=\u00bbLink al Campus\u00bb _builder_version=\u00bb4.11.2&#8243; _module_preset=\u00bbdefault\u00bb custom_button=\u00bbon\u00bb button_icon=\u00bb%%73%%\u00bb global_colors_info=\u00bb{}\u00bb][\/et_pb_button][\/et_pb_column][\/et_pb_row][\/et_pb_section]<\/p>\n","protected":false},"excerpt":{"rendered":"<p>Mujer Reinventate &nbsp; Plan de urgencia y emergencia de pa\u00eds. Destinado a mujeres emprendedoras, aut\u00f3nomas y empresarias afectadas por el Covid19. Con el apoyo de la Generalidad de Catalu\u00f1a y de diversas empresas e instituciones. Es un programa flexible y personalizado sin precedentes en Catalu\u00f1a y Espa\u00f1a. El seguimiento es tanto formal como informal, donde [&hellip;]<\/p>\n","protected":false},"author":1,"featured_media":0,"parent":0,"menu_order":0,"comment_status":"closed","ping_status":"closed","template":"","meta":{"_et_pb_use_builder":"on","_et_pb_old_content":"","_et_gb_content_width":"","footnotes":""},"class_list":["post-337","page","type-page","status-publish","hentry"],"_links":{"self":[{"href":"https:\/\/ascede.com\/es\/wp-json\/wp\/v2\/pages\/337","targetHints":{"allow":["GET"]}}],"collection":[{"href":"https:\/\/ascede.com\/es\/wp-json\/wp\/v2\/pages"}],"about":[{"href":"https:\/\/ascede.com\/es\/wp-json\/wp\/v2\/types\/page"}],"author":[{"embeddable":true,"href":"https:\/\/ascede.com\/es\/wp-json\/wp\/v2\/users\/1"}],"replies":[{"embeddable":true,"href":"https:\/\/ascede.com\/es\/wp-json\/wp\/v2\/comments?post=337"}],"version-history":[{"count":18,"href":"https:\/\/ascede.com\/es\/wp-json\/wp\/v2\/pages\/337\/revisions"}],"predecessor-version":[{"id":424,"href":"https:\/\/ascede.com\/es\/wp-json\/wp\/v2\/pages\/337\/revisions\/424"}],"wp:attachment":[{"href":"https:\/\/ascede.com\/es\/wp-json\/wp\/v2\/media?parent=337"}],"curies":[{"name":"wp","href":"https:\/\/api.w.org\/{rel}","templated":true}]}}